{"id":55,"date":"2022-05-06T22:51:39","date_gmt":"2022-05-06T22:51:39","guid":{"rendered":"http:\/\/aleydaosorio.com\/?page_id=55"},"modified":"2022-07-15T13:26:54","modified_gmt":"2022-07-15T13:26:54","slug":"revista-bianca","status":"publish","type":"page","link":"https:\/\/aleydaosorio.com\/index.php\/revista-bianca\/","title":{"rendered":"Revista Bianca"},"content":{"rendered":"<style>\/*! elementor - v3.6.5 - 27-04-2022 *\/\n.elementor-heading-title{padding:0;margin:0;line-height:1}.elementor-widget-heading .elementor-heading-title[class*=elementor-size-]>a{color:inherit;font-size:inherit;line-height:inherit}.elementor-widget-heading .elementor-heading-title.elementor-size-small{font-size:15px}.elementor-widget-heading .elementor-heading-title.elementor-size-medium{font-size:19px}.elementor-widget-heading .elementor-heading-title.elementor-size-large{font-size:29px}.elementor-widget-heading .elementor-heading-title.elementor-size-xl{font-size:39px}.elementor-widget-heading .elementor-heading-title.elementor-size-xxl{font-size:59px}<\/style>\n<h2>\u00a1Conoce nuesta revista!<\/h2>\n<h2>REVISTA BIANCA<\/h2>\n<style>\/*! elementor - v3.6.5 - 27-04-2022 *\/\n.elementor-widget-divider{--divider-border-style:none;--divider-border-width:1px;--divider-color:#2c2c2c;--divider-icon-size:20px;--divider-element-spacing:10px;--divider-pattern-height:24px;--divider-pattern-size:20px;--divider-pattern-url:none;--divider-pattern-repeat:repeat-x}.elementor-widget-divider .elementor-divider{display:-webkit-box;display:-ms-flexbox;display:flex}.elementor-widget-divider .elementor-divider__text{font-size:15px;line-height:1;max-width:95%}.elementor-widget-divider .elementor-divider__element{margin:0 var(--divider-element-spacing);-ms-flex-negative:0;flex-shrink:0}.elementor-widget-divider .elementor-icon{font-size:var(--divider-icon-size)}.elementor-widget-divider .elementor-divider-separator{display:-webkit-box;display:-ms-flexbox;display:flex;margin:0;direction:ltr}.elementor-widget-divider--view-line_icon .elementor-divider-separator,.elementor-widget-divider--view-line_text .elementor-divider-separator{-webkit-box-align:center;-ms-flex-align:center;align-items:center}.elementor-widget-divider--view-line_icon .elementor-divider-separator:after,.elementor-widget-divider--view-line_icon .elementor-divider-separator:before,.elementor-widget-divider--view-line_text .elementor-divider-separator:after,.elementor-widget-divider--view-line_text .elementor-divider-separator:before{display:block;content:\"\";border-bottom:0;-webkit-box-flex:1;-ms-flex-positive:1;flex-grow:1;border-top:var(--divider-border-width) var(--divider-border-style) var(--divider-color)}.elementor-widget-divider--element-align-left .elementor-divider .elementor-divider-separator>.elementor-divider__svg:first-of-type{-webkit-box-flex:0;-ms-flex-positive:0;flex-grow:0;-ms-flex-negative:100;flex-shrink:100}.elementor-widget-divider--element-align-left .elementor-divider-separator:before{content:none}.elementor-widget-divider--element-align-left .elementor-divider__element{margin-left:0}.elementor-widget-divider--element-align-right .elementor-divider .elementor-divider-separator>.elementor-divider__svg:last-of-type{-webkit-box-flex:0;-ms-flex-positive:0;flex-grow:0;-ms-flex-negative:100;flex-shrink:100}.elementor-widget-divider--element-align-right .elementor-divider-separator:after{content:none}.elementor-widget-divider--element-align-right .elementor-divider__element{margin-right:0}.elementor-widget-divider:not(.elementor-widget-divider--view-line_text):not(.elementor-widget-divider--view-line_icon) .elementor-divider-separator{border-top:var(--divider-border-width) var(--divider-border-style) var(--divider-color)}.elementor-widget-divider--separator-type-pattern{--divider-border-style:none}.elementor-widget-divider--separator-type-pattern.elementor-widget-divider--view-line .elementor-divider-separator,.elementor-widget-divider--separator-type-pattern:not(.elementor-widget-divider--view-line) .elementor-divider-separator:after,.elementor-widget-divider--separator-type-pattern:not(.elementor-widget-divider--view-line) .elementor-divider-separator:before,.elementor-widget-divider--separator-type-pattern:not([class*=elementor-widget-divider--view]) .elementor-divider-separator{width:100%;min-height:var(--divider-pattern-height);-webkit-mask-size:var(--divider-pattern-size) 100%;mask-size:var(--divider-pattern-size) 100%;-webkit-mask-repeat:var(--divider-pattern-repeat);mask-repeat:var(--divider-pattern-repeat);background-color:var(--divider-color);-webkit-mask-image:var(--divider-pattern-url);mask-image:var(--divider-pattern-url)}.elementor-widget-divider--no-spacing{--divider-pattern-size:auto}.elementor-widget-divider--bg-round{--divider-pattern-repeat:round}.rtl .elementor-widget-divider .elementor-divider__text{direction:rtl}<\/style>\n<h2>En ella encontrar\u00e1s una gran colecci\u00f3n de moldes, tips e informaci\u00f3n para tus creaciones.<\/h2>\n<style>\/*! elementor - v3.6.5 - 27-04-2022 *\/\n.elementor-widget-image-carousel .swiper-container{position:static}.elementor-widget-image-carousel .swiper-container .swiper-slide figure{line-height:inherit}.elementor-widget-image-carousel .swiper-slide{text-align:center}.elementor-image-carousel-wrapper:not(.swiper-container-initialized) .swiper-slide{max-width:calc(100% \/ var(--e-image-carousel-slides-to-show, 3))}<\/style>\n<p>\t\t\t\t\t\t\t\t<a data-elementor-open-lightbox=\"yes\" data-elementor-lightbox-slideshow=\"1694aea1\" data-elementor-lightbox-title=\"WhatsApp Image 2022-06-28 at 1.37.32 PM (1)\" e-action-hash=\"#elementor-action%3Aaction%3Dlightbox%26settings%3DeyJpZCI6MjYwLCJ1cmwiOiJodHRwOlwvXC9tYW51YWxpZGFkZXMubWFyaWFjYW1pbGFtdXJndWVpdGlvLmNvbVwvd3AtY29udGVudFwvdXBsb2Fkc1wvMjAyMlwvMDdcL1doYXRzQXBwLUltYWdlLTIwMjItMDYtMjgtYXQtMS4zNy4zMi1QTS0xLmpwZWciLCJzbGlkZXNob3ciOiIxNjk0YWVhMSJ9\" href=\"http:\/\/aleydaosorio.com\/wp-content\/uploads\/2022\/07\/WhatsApp-Image-2022-06-28-at-1.37.32-PM-1.jpeg\"><\/p>\n<figure><img decoding=\"async\" src=\"http:\/\/aleydaosorio.com\/wp-content\/uploads\/elementor\/thumbs\/WhatsApp-Image-2022-06-28-at-1.37.32-PM-1-prsx9iyky4ff01k4edws5mx3tnl4dq6i4vz13rkmdc.jpeg\" alt=\"WhatsApp Image 2022-06-28 at 1.37.32 PM (1)\" \/><\/figure>\n<p><\/a><a data-elementor-open-lightbox=\"yes\" data-elementor-lightbox-slideshow=\"1694aea1\" data-elementor-lightbox-title=\"WhatsApp Image 2022-06-28 at 1.37.32 PM (2)\" e-action-hash=\"#elementor-action%3Aaction%3Dlightbox%26settings%3DeyJpZCI6MjYxLCJ1cmwiOiJodHRwOlwvXC9tYW51YWxpZGFkZXMubWFyaWFjYW1pbGFtdXJndWVpdGlvLmNvbVwvd3AtY29udGVudFwvdXBsb2Fkc1wvMjAyMlwvMDdcL1doYXRzQXBwLUltYWdlLTIwMjItMDYtMjgtYXQtMS4zNy4zMi1QTS0yLmpwZWciLCJzbGlkZXNob3ciOiIxNjk0YWVhMSJ9\" href=\"http:\/\/aleydaosorio.com\/wp-content\/uploads\/2022\/07\/WhatsApp-Image-2022-06-28-at-1.37.32-PM-2.jpeg\"><\/p>\n<figure><img decoding=\"async\" src=\"http:\/\/aleydaosorio.com\/wp-content\/uploads\/elementor\/thumbs\/WhatsApp-Image-2022-06-28-at-1.37.32-PM-2-prsx9jwf4ygpbnir8wbeq4okf1ghlfa8h0mil1j874.jpeg\" alt=\"WhatsApp Image 2022-06-28 at 1.37.32 PM (2)\" \/><\/figure>\n<p><\/a><a data-elementor-open-lightbox=\"yes\" data-elementor-lightbox-slideshow=\"1694aea1\" data-elementor-lightbox-title=\"WhatsApp Image 2022-06-28 at 1.37.32 PM (3)\" e-action-hash=\"#elementor-action%3Aaction%3Dlightbox%26settings%3DeyJpZCI6MjYyLCJ1cmwiOiJodHRwOlwvXC9tYW51YWxpZGFkZXMubWFyaWFjYW1pbGFtdXJndWVpdGlvLmNvbVwvd3AtY29udGVudFwvdXBsb2Fkc1wvMjAyMlwvMDdcL1doYXRzQXBwLUltYWdlLTIwMjItMDYtMjgtYXQtMS4zNy4zMi1QTS0zLmpwZWciLCJzbGlkZXNob3ciOiIxNjk0YWVhMSJ9\" href=\"http:\/\/aleydaosorio.com\/wp-content\/uploads\/2022\/07\/WhatsApp-Image-2022-06-28-at-1.37.32-PM-3.jpeg\"><\/p>\n<figure><img decoding=\"async\" src=\"http:\/\/aleydaosorio.com\/wp-content\/uploads\/elementor\/thumbs\/WhatsApp-Image-2022-06-28-at-1.37.32-PM-3-prsx9ku9bshzn9he3eq1amg10fbut4dyt5a02bhu0w.jpeg\" alt=\"WhatsApp Image 2022-06-28 at 1.37.32 PM (3)\" \/><\/figure>\n<p><\/a><a data-elementor-open-lightbox=\"yes\" data-elementor-lightbox-slideshow=\"1694aea1\" data-elementor-lightbox-title=\"WhatsApp Image 2022-06-28 at 1.37.33 PM (2)\" e-action-hash=\"#elementor-action%3Aaction%3Dlightbox%26settings%3DeyJpZCI6MjY0LCJ1cmwiOiJodHRwOlwvXC9tYW51YWxpZGFkZXMubWFyaWFjYW1pbGFtdXJndWVpdGlvLmNvbVwvd3AtY29udGVudFwvdXBsb2Fkc1wvMjAyMlwvMDdcL1doYXRzQXBwLUltYWdlLTIwMjItMDYtMjgtYXQtMS4zNy4zMy1QTS0yLmpwZWciLCJzbGlkZXNob3ciOiIxNjk0YWVhMSJ9\" href=\"http:\/\/aleydaosorio.com\/wp-content\/uploads\/2022\/07\/WhatsApp-Image-2022-06-28-at-1.37.33-PM-2.jpeg\"><\/p>\n<figure><img decoding=\"async\" src=\"http:\/\/aleydaosorio.com\/wp-content\/uploads\/elementor\/thumbs\/WhatsApp-Image-2022-06-28-at-1.37.33-PM-2-prsx9mpxpgkkahensfjaflyy772l8ilfhekz0vf1og.jpeg\" alt=\"WhatsApp Image 2022-06-28 at 1.37.33 PM (2)\" \/><\/figure>\n<p><\/a><a data-elementor-open-lightbox=\"yes\" data-elementor-lightbox-slideshow=\"1694aea1\" data-elementor-lightbox-title=\"WhatsApp Image 2022-06-28 at 1.37.33 PM\" e-action-hash=\"#elementor-action%3Aaction%3Dlightbox%26settings%3DeyJpZCI6MjY1LCJ1cmwiOiJodHRwOlwvXC9tYW51YWxpZGFkZXMubWFyaWFjYW1pbGFtdXJndWVpdGlvLmNvbVwvd3AtY29udGVudFwvdXBsb2Fkc1wvMjAyMlwvMDdcL1doYXRzQXBwLUltYWdlLTIwMjItMDYtMjgtYXQtMS4zNy4zMy1QTS5qcGVnIiwic2xpZGVzaG93IjoiMTY5NGFlYTEifQ%3D%3D\" href=\"http:\/\/aleydaosorio.com\/wp-content\/uploads\/2022\/07\/WhatsApp-Image-2022-06-28-at-1.37.33-PM.jpeg\"><\/p>\n<figure><img decoding=\"async\" src=\"http:\/\/aleydaosorio.com\/wp-content\/uploads\/elementor\/thumbs\/WhatsApp-Image-2022-06-28-at-1.37.33-PM-prsx9nnrwalum3damxxx03qeskxyg7p5tj8gi5dni8.jpeg\" alt=\"WhatsApp Image 2022-06-28 at 1.37.33 PM\" \/><\/figure>\n<p><\/a><a data-elementor-open-lightbox=\"yes\" data-elementor-lightbox-slideshow=\"1694aea1\" data-elementor-lightbox-title=\"IMG_9132\" e-action-hash=\"#elementor-action%3Aaction%3Dlightbox%26settings%3DeyJpZCI6MjY2LCJ1cmwiOiJodHRwOlwvXC9tYW51YWxpZGFkZXMubWFyaWFjYW1pbGFtdXJndWVpdGlvLmNvbVwvd3AtY29udGVudFwvdXBsb2Fkc1wvMjAyMlwvMDdcL0lNR185MTMyLmpwZyIsInNsaWRlc2hvdyI6IjE2OTRhZWExIn0%3D\" href=\"http:\/\/aleydaosorio.com\/wp-content\/uploads\/2022\/07\/IMG_9132.jpg\"><\/p>\n<figure><img decoding=\"async\" src=\"http:\/\/aleydaosorio.com\/wp-content\/uploads\/elementor\/thumbs\/IMG_9132-prsxcg8i7kfj4db7bnezwwcqct68btsfvd1eur8j0g.jpg\" alt=\"IMG_9132\" \/><\/figure>\n<p><\/a><a data-elementor-open-lightbox=\"yes\" data-elementor-lightbox-slideshow=\"1694aea1\" data-elementor-lightbox-title=\"WhatsApp Image 2022-06-28 at 1.37.32 PM\" e-action-hash=\"#elementor-action%3Aaction%3Dlightbox%26settings%3DeyJpZCI6MjY3LCJ1cmwiOiJodHRwOlwvXC9tYW51YWxpZGFkZXMubWFyaWFjYW1pbGFtdXJndWVpdGlvLmNvbVwvd3AtY29udGVudFwvdXBsb2Fkc1wvMjAyMlwvMDdcL1doYXRzQXBwLUltYWdlLTIwMjItMDYtMjgtYXQtMS4zNy4zMi1QTS5qcGciLCJzbGlkZXNob3ciOiIxNjk0YWVhMSJ9\" href=\"http:\/\/aleydaosorio.com\/wp-content\/uploads\/2022\/07\/WhatsApp-Image-2022-06-28-at-1.37.32-PM.jpg\"><\/p>\n<figure><img decoding=\"async\" src=\"http:\/\/aleydaosorio.com\/wp-content\/uploads\/elementor\/thumbs\/WhatsApp-Image-2022-06-28-at-1.37.32-PM-prsxfnunk6tssen9kje3xl6ff7cdmljfb9a4vsh3r4.jpg\" alt=\"WhatsApp Image 2022-06-28 at 1.37.32 PM\" \/><\/figure>\n<p><\/a><a data-elementor-open-lightbox=\"yes\" data-elementor-lightbox-slideshow=\"1694aea1\" data-elementor-lightbox-title=\"WhatsApp Image 2022-06-28 at 1.37.33 PM (3)\" e-action-hash=\"#elementor-action%3Aaction%3Dlightbox%26settings%3DeyJpZCI6MjY4LCJ1cmwiOiJodHRwOlwvXC9tYW51YWxpZGFkZXMubWFyaWFjYW1pbGFtdXJndWVpdGlvLmNvbVwvd3AtY29udGVudFwvdXBsb2Fkc1wvMjAyMlwvMDdcL1doYXRzQXBwLUltYWdlLTIwMjItMDYtMjgtYXQtMS4zNy4zMy1QTS0zLmpwZyIsInNsaWRlc2hvdyI6IjE2OTRhZWExIn0%3D\" href=\"http:\/\/aleydaosorio.com\/wp-content\/uploads\/2022\/07\/WhatsApp-Image-2022-06-28-at-1.37.33-PM-3.jpg\"><\/p>\n<figure><img decoding=\"async\" src=\"http:\/\/aleydaosorio.com\/wp-content\/uploads\/elementor\/thumbs\/WhatsApp-Image-2022-06-28-at-1.37.33-PM-3-prsxfoshr0v340lwf1sqi2xw0l7quan5ndxmd2fpkw.jpg\" alt=\"WhatsApp Image 2022-06-28 at 1.37.33 PM (3)\" \/><\/figure>\n<p><\/a><a data-elementor-open-lightbox=\"yes\" data-elementor-lightbox-slideshow=\"1694aea1\" data-elementor-lightbox-title=\"VESTIOS\" e-action-hash=\"#elementor-action%3Aaction%3Dlightbox%26settings%3DeyJpZCI6MjcyLCJ1cmwiOiJodHRwOlwvXC9tYW51YWxpZGFkZXMubWFyaWFjYW1pbGFtdXJndWVpdGlvLmNvbVwvd3AtY29udGVudFwvdXBsb2Fkc1wvMjAyMlwvMDdcL1ZFU1RJT1MuanBnIiwic2xpZGVzaG93IjoiMTY5NGFlYTEifQ%3D%3D\" href=\"http:\/\/aleydaosorio.com\/wp-content\/uploads\/2022\/07\/VESTIOS.jpg\"><\/p>\n<figure><img decoding=\"async\" src=\"http:\/\/aleydaosorio.com\/wp-content\/uploads\/elementor\/thumbs\/VESTIOS-prsxik6qmssml4fpnahp4culcz24d01mplp15i6ekg.jpg\" alt=\"VESTIOS\" \/><\/figure>\n<p><\/a><br \/>\n\t\t\t\t\t\t\t\t\t\t\t\tAnterior<br \/>\n\t\t\t\t\t\t\t\t\t\t\t\tSiguiente<br \/>\n\t\t\t<a href=\"https:\/\/api.whatsapp.com\/send?phone=573127914385&#038;text=Hola!%20quisiera%20m%C3%A1s%20informaci%C3%B3n%20sobre%20la%20revista\" role=\"button\"><br \/>\n\t\t\t\t\t\t\u00a1COMPRA LA TUYA AQU\u00cd!<br \/>\n\t\t\t\t\t<\/a><\/p>\n","protected":false},"excerpt":{"rendered":"<p>\u00a1Conoce nuesta revista! REVISTA BIANCA En ella encontrar\u00e1s una gran colecci\u00f3n de moldes, tips e informaci\u00f3n para tus creaciones. Anterior Siguiente \u00a1COMPRA LA TUYA AQU\u00cd!<\/p>\n","protected":false},"author":1,"featured_media":0,"parent":0,"menu_order":0,"comment_status":"closed","ping_status":"closed","template":"","meta":{"footnotes":""},"_links":{"self":[{"href":"https:\/\/aleydaosorio.com\/index.php\/wp-json\/wp\/v2\/pages\/55"}],"collection":[{"href":"https:\/\/aleydaosorio.com\/index.php\/wp-json\/wp\/v2\/pages"}],"about":[{"href":"https:\/\/aleydaosorio.com\/index.php\/wp-json\/wp\/v2\/types\/page"}],"author":[{"embeddable":true,"href":"https:\/\/aleydaosorio.com\/index.php\/wp-json\/wp\/v2\/users\/1"}],"replies":[{"embeddable":true,"href":"https:\/\/aleydaosorio.com\/index.php\/wp-json\/wp\/v2\/comments?post=55"}],"version-history":[{"count":7,"href":"https:\/\/aleydaosorio.com\/index.php\/wp-json\/wp\/v2\/pages\/55\/revisions"}],"predecessor-version":[{"id":275,"href":"https:\/\/aleydaosorio.com\/index.php\/wp-json\/wp\/v2\/pages\/55\/revisions\/275"}],"wp:attachment":[{"href":"https:\/\/aleydaosorio.com\/index.php\/wp-json\/wp\/v2\/media?parent=55"}],"curies":[{"name":"wp","href":"https:\/\/api.w.org\/{rel}","templated":true}]}}