{"id":53,"date":"2022-05-06T22:51:21","date_gmt":"2022-05-06T22:51:21","guid":{"rendered":"http:\/\/aleydaosorio.com\/?page_id=53"},"modified":"2022-07-15T14:14:48","modified_gmt":"2022-07-15T14:14:48","slug":"talleres","status":"publish","type":"page","link":"https:\/\/aleydaosorio.com\/index.php\/talleres\/","title":{"rendered":"Talleres"},"content":{"rendered":"<style>\/*! elementor - v3.6.5 - 27-04-2022 *\/\n.elementor-heading-title{padding:0;margin:0;line-height:1}.elementor-widget-heading .elementor-heading-title[class*=elementor-size-]>a{color:inherit;font-size:inherit;line-height:inherit}.elementor-widget-heading .elementor-heading-title.elementor-size-small{font-size:15px}.elementor-widget-heading .elementor-heading-title.elementor-size-medium{font-size:19px}.elementor-widget-heading .elementor-heading-title.elementor-size-large{font-size:29px}.elementor-widget-heading .elementor-heading-title.elementor-size-xl{font-size:39px}.elementor-widget-heading .elementor-heading-title.elementor-size-xxl{font-size:59px}<\/style>\n<h2>\u00a1Conoce nuestros talleres!<\/h2>\n<h2>TALLERES DE MANUALIDADES<\/h2>\n<style>\/*! elementor - v3.6.5 - 27-04-2022 *\/\n.elementor-widget-divider{--divider-border-style:none;--divider-border-width:1px;--divider-color:#2c2c2c;--divider-icon-size:20px;--divider-element-spacing:10px;--divider-pattern-height:24px;--divider-pattern-size:20px;--divider-pattern-url:none;--divider-pattern-repeat:repeat-x}.elementor-widget-divider .elementor-divider{display:-webkit-box;display:-ms-flexbox;display:flex}.elementor-widget-divider .elementor-divider__text{font-size:15px;line-height:1;max-width:95%}.elementor-widget-divider .elementor-divider__element{margin:0 var(--divider-element-spacing);-ms-flex-negative:0;flex-shrink:0}.elementor-widget-divider .elementor-icon{font-size:var(--divider-icon-size)}.elementor-widget-divider .elementor-divider-separator{display:-webkit-box;display:-ms-flexbox;display:flex;margin:0;direction:ltr}.elementor-widget-divider--view-line_icon .elementor-divider-separator,.elementor-widget-divider--view-line_text .elementor-divider-separator{-webkit-box-align:center;-ms-flex-align:center;align-items:center}.elementor-widget-divider--view-line_icon .elementor-divider-separator:after,.elementor-widget-divider--view-line_icon .elementor-divider-separator:before,.elementor-widget-divider--view-line_text .elementor-divider-separator:after,.elementor-widget-divider--view-line_text .elementor-divider-separator:before{display:block;content:\"\";border-bottom:0;-webkit-box-flex:1;-ms-flex-positive:1;flex-grow:1;border-top:var(--divider-border-width) var(--divider-border-style) var(--divider-color)}.elementor-widget-divider--element-align-left .elementor-divider .elementor-divider-separator>.elementor-divider__svg:first-of-type{-webkit-box-flex:0;-ms-flex-positive:0;flex-grow:0;-ms-flex-negative:100;flex-shrink:100}.elementor-widget-divider--element-align-left .elementor-divider-separator:before{content:none}.elementor-widget-divider--element-align-left .elementor-divider__element{margin-left:0}.elementor-widget-divider--element-align-right .elementor-divider .elementor-divider-separator>.elementor-divider__svg:last-of-type{-webkit-box-flex:0;-ms-flex-positive:0;flex-grow:0;-ms-flex-negative:100;flex-shrink:100}.elementor-widget-divider--element-align-right .elementor-divider-separator:after{content:none}.elementor-widget-divider--element-align-right .elementor-divider__element{margin-right:0}.elementor-widget-divider:not(.elementor-widget-divider--view-line_text):not(.elementor-widget-divider--view-line_icon) .elementor-divider-separator{border-top:var(--divider-border-width) var(--divider-border-style) var(--divider-color)}.elementor-widget-divider--separator-type-pattern{--divider-border-style:none}.elementor-widget-divider--separator-type-pattern.elementor-widget-divider--view-line .elementor-divider-separator,.elementor-widget-divider--separator-type-pattern:not(.elementor-widget-divider--view-line) .elementor-divider-separator:after,.elementor-widget-divider--separator-type-pattern:not(.elementor-widget-divider--view-line) .elementor-divider-separator:before,.elementor-widget-divider--separator-type-pattern:not([class*=elementor-widget-divider--view]) .elementor-divider-separator{width:100%;min-height:var(--divider-pattern-height);-webkit-mask-size:var(--divider-pattern-size) 100%;mask-size:var(--divider-pattern-size) 100%;-webkit-mask-repeat:var(--divider-pattern-repeat);mask-repeat:var(--divider-pattern-repeat);background-color:var(--divider-color);-webkit-mask-image:var(--divider-pattern-url);mask-image:var(--divider-pattern-url)}.elementor-widget-divider--no-spacing{--divider-pattern-size:auto}.elementor-widget-divider--bg-round{--divider-pattern-repeat:round}.rtl .elementor-widget-divider .elementor-divider__text{direction:rtl}<\/style>\n<h2>Desarrolla tu creatividad con nuestros talleres de ense\u00f1anza continua dirigidos a  a todos los amantes del arte. Tambi\u00e9n son ideales para empresas.<\/h2>\n<style>\/*! elementor - v3.6.5 - 27-04-2022 *\/\n.elementor-widget-image-carousel .swiper-container{position:static}.elementor-widget-image-carousel .swiper-container .swiper-slide figure{line-height:inherit}.elementor-widget-image-carousel .swiper-slide{text-align:center}.elementor-image-carousel-wrapper:not(.swiper-container-initialized) .swiper-slide{max-width:calc(100% \/ var(--e-image-carousel-slides-to-show, 3))}<\/style>\n<p>\t\t\t\t\t\t\t\t<a data-elementor-open-lightbox=\"yes\" data-elementor-lightbox-slideshow=\"37eb8cee\" data-elementor-lightbox-title=\"1\" e-action-hash=\"#elementor-action%3Aaction%3Dlightbox%26settings%3DeyJpZCI6MzEzLCJ1cmwiOiJodHRwOlwvXC9tYW51YWxpZGFkZXMubWFyaWFjYW1pbGFtdXJndWVpdGlvLmNvbVwvd3AtY29udGVudFwvdXBsb2Fkc1wvMjAyMlwvMDdcLzEucG5nIiwic2xpZGVzaG93IjoiMzdlYjhjZWUifQ%3D%3D\" href=\"http:\/\/aleydaosorio.com\/wp-content\/uploads\/2022\/07\/1.png\"><\/p>\n<figure><img decoding=\"async\" src=\"http:\/\/aleydaosorio.com\/wp-content\/uploads\/2022\/07\/1-300x300.png\" alt=\"1\" \/><\/figure>\n<p><\/a><a data-elementor-open-lightbox=\"yes\" data-elementor-lightbox-slideshow=\"37eb8cee\" data-elementor-lightbox-title=\"2\" e-action-hash=\"#elementor-action%3Aaction%3Dlightbox%26settings%3DeyJpZCI6MzE0LCJ1cmwiOiJodHRwOlwvXC9tYW51YWxpZGFkZXMubWFyaWFjYW1pbGFtdXJndWVpdGlvLmNvbVwvd3AtY29udGVudFwvdXBsb2Fkc1wvMjAyMlwvMDdcLzIucG5nIiwic2xpZGVzaG93IjoiMzdlYjhjZWUifQ%3D%3D\" href=\"http:\/\/aleydaosorio.com\/wp-content\/uploads\/2022\/07\/2.png\"><\/p>\n<figure><img decoding=\"async\" src=\"http:\/\/aleydaosorio.com\/wp-content\/uploads\/2022\/07\/2-300x300.png\" alt=\"2\" \/><\/figure>\n<p><\/a><a data-elementor-open-lightbox=\"yes\" data-elementor-lightbox-slideshow=\"37eb8cee\" data-elementor-lightbox-title=\"3\" e-action-hash=\"#elementor-action%3Aaction%3Dlightbox%26settings%3DeyJpZCI6MzE2LCJ1cmwiOiJodHRwOlwvXC9tYW51YWxpZGFkZXMubWFyaWFjYW1pbGFtdXJndWVpdGlvLmNvbVwvd3AtY29udGVudFwvdXBsb2Fkc1wvMjAyMlwvMDdcLzMucG5nIiwic2xpZGVzaG93IjoiMzdlYjhjZWUifQ%3D%3D\" href=\"http:\/\/aleydaosorio.com\/wp-content\/uploads\/2022\/07\/3.png\"><\/p>\n<figure><img decoding=\"async\" src=\"http:\/\/aleydaosorio.com\/wp-content\/uploads\/2022\/07\/3-300x300.png\" alt=\"3\" \/><\/figure>\n<p><\/a><a data-elementor-open-lightbox=\"yes\" data-elementor-lightbox-slideshow=\"37eb8cee\" data-elementor-lightbox-title=\"4\" e-action-hash=\"#elementor-action%3Aaction%3Dlightbox%26settings%3DeyJpZCI6MzE3LCJ1cmwiOiJodHRwOlwvXC9tYW51YWxpZGFkZXMubWFyaWFjYW1pbGFtdXJndWVpdGlvLmNvbVwvd3AtY29udGVudFwvdXBsb2Fkc1wvMjAyMlwvMDdcLzQucG5nIiwic2xpZGVzaG93IjoiMzdlYjhjZWUifQ%3D%3D\" href=\"http:\/\/aleydaosorio.com\/wp-content\/uploads\/2022\/07\/4.png\"><\/p>\n<figure><img decoding=\"async\" src=\"http:\/\/aleydaosorio.com\/wp-content\/uploads\/2022\/07\/4-300x300.png\" alt=\"4\" \/><\/figure>\n<p><\/a><a data-elementor-open-lightbox=\"yes\" data-elementor-lightbox-slideshow=\"37eb8cee\" data-elementor-lightbox-title=\"5\" e-action-hash=\"#elementor-action%3Aaction%3Dlightbox%26settings%3DeyJpZCI6MzE4LCJ1cmwiOiJodHRwOlwvXC9tYW51YWxpZGFkZXMubWFyaWFjYW1pbGFtdXJndWVpdGlvLmNvbVwvd3AtY29udGVudFwvdXBsb2Fkc1wvMjAyMlwvMDdcLzUucG5nIiwic2xpZGVzaG93IjoiMzdlYjhjZWUifQ%3D%3D\" href=\"http:\/\/aleydaosorio.com\/wp-content\/uploads\/2022\/07\/5.png\"><\/p>\n<figure><img decoding=\"async\" src=\"http:\/\/aleydaosorio.com\/wp-content\/uploads\/2022\/07\/5-300x300.png\" alt=\"5\" \/><\/figure>\n<p><\/a><a data-elementor-open-lightbox=\"yes\" data-elementor-lightbox-slideshow=\"37eb8cee\" data-elementor-lightbox-title=\"6\" e-action-hash=\"#elementor-action%3Aaction%3Dlightbox%26settings%3DeyJpZCI6MzE5LCJ1cmwiOiJodHRwOlwvXC9tYW51YWxpZGFkZXMubWFyaWFjYW1pbGFtdXJndWVpdGlvLmNvbVwvd3AtY29udGVudFwvdXBsb2Fkc1wvMjAyMlwvMDdcLzYucG5nIiwic2xpZGVzaG93IjoiMzdlYjhjZWUifQ%3D%3D\" href=\"http:\/\/aleydaosorio.com\/wp-content\/uploads\/2022\/07\/6.png\"><\/p>\n<figure><img decoding=\"async\" src=\"http:\/\/aleydaosorio.com\/wp-content\/uploads\/2022\/07\/6-300x300.png\" alt=\"6\" \/><\/figure>\n<p><\/a><a data-elementor-open-lightbox=\"yes\" data-elementor-lightbox-slideshow=\"37eb8cee\" data-elementor-lightbox-title=\"7\" e-action-hash=\"#elementor-action%3Aaction%3Dlightbox%26settings%3DeyJpZCI6MzIwLCJ1cmwiOiJodHRwOlwvXC9tYW51YWxpZGFkZXMubWFyaWFjYW1pbGFtdXJndWVpdGlvLmNvbVwvd3AtY29udGVudFwvdXBsb2Fkc1wvMjAyMlwvMDdcLzcucG5nIiwic2xpZGVzaG93IjoiMzdlYjhjZWUifQ%3D%3D\" href=\"http:\/\/aleydaosorio.com\/wp-content\/uploads\/2022\/07\/7.png\"><\/p>\n<figure><img decoding=\"async\" src=\"http:\/\/aleydaosorio.com\/wp-content\/uploads\/2022\/07\/7-300x300.png\" alt=\"7\" \/><\/figure>\n<p><\/a><a data-elementor-open-lightbox=\"yes\" data-elementor-lightbox-slideshow=\"37eb8cee\" data-elementor-lightbox-title=\"8\" e-action-hash=\"#elementor-action%3Aaction%3Dlightbox%26settings%3DeyJpZCI6MzIxLCJ1cmwiOiJodHRwOlwvXC9tYW51YWxpZGFkZXMubWFyaWFjYW1pbGFtdXJndWVpdGlvLmNvbVwvd3AtY29udGVudFwvdXBsb2Fkc1wvMjAyMlwvMDdcLzgucG5nIiwic2xpZGVzaG93IjoiMzdlYjhjZWUifQ%3D%3D\" href=\"http:\/\/aleydaosorio.com\/wp-content\/uploads\/2022\/07\/8.png\"><\/p>\n<figure><img decoding=\"async\" src=\"http:\/\/aleydaosorio.com\/wp-content\/uploads\/2022\/07\/8-300x300.png\" alt=\"8\" \/><\/figure>\n<p><\/a><a data-elementor-open-lightbox=\"yes\" data-elementor-lightbox-slideshow=\"37eb8cee\" data-elementor-lightbox-title=\"9\" e-action-hash=\"#elementor-action%3Aaction%3Dlightbox%26settings%3DeyJpZCI6MzIyLCJ1cmwiOiJodHRwOlwvXC9tYW51YWxpZGFkZXMubWFyaWFjYW1pbGFtdXJndWVpdGlvLmNvbVwvd3AtY29udGVudFwvdXBsb2Fkc1wvMjAyMlwvMDdcLzkucG5nIiwic2xpZGVzaG93IjoiMzdlYjhjZWUifQ%3D%3D\" href=\"http:\/\/aleydaosorio.com\/wp-content\/uploads\/2022\/07\/9.png\"><\/p>\n<figure><img decoding=\"async\" src=\"http:\/\/aleydaosorio.com\/wp-content\/uploads\/2022\/07\/9-300x300.png\" alt=\"9\" \/><\/figure>\n<p><\/a><a data-elementor-open-lightbox=\"yes\" data-elementor-lightbox-slideshow=\"37eb8cee\" data-elementor-lightbox-title=\"10\" e-action-hash=\"#elementor-action%3Aaction%3Dlightbox%26settings%3DeyJpZCI6MzIzLCJ1cmwiOiJodHRwOlwvXC9tYW51YWxpZGFkZXMubWFyaWFjYW1pbGFtdXJndWVpdGlvLmNvbVwvd3AtY29udGVudFwvdXBsb2Fkc1wvMjAyMlwvMDdcLzEwLnBuZyIsInNsaWRlc2hvdyI6IjM3ZWI4Y2VlIn0%3D\" href=\"http:\/\/aleydaosorio.com\/wp-content\/uploads\/2022\/07\/10.png\"><\/p>\n<figure><img decoding=\"async\" src=\"http:\/\/aleydaosorio.com\/wp-content\/uploads\/2022\/07\/10-300x300.png\" alt=\"10\" \/><\/figure>\n<p><\/a><a data-elementor-open-lightbox=\"yes\" data-elementor-lightbox-slideshow=\"37eb8cee\" data-elementor-lightbox-title=\"11\" e-action-hash=\"#elementor-action%3Aaction%3Dlightbox%26settings%3DeyJpZCI6MzI0LCJ1cmwiOiJodHRwOlwvXC9tYW51YWxpZGFkZXMubWFyaWFjYW1pbGFtdXJndWVpdGlvLmNvbVwvd3AtY29udGVudFwvdXBsb2Fkc1wvMjAyMlwvMDdcLzExLnBuZyIsInNsaWRlc2hvdyI6IjM3ZWI4Y2VlIn0%3D\" href=\"http:\/\/aleydaosorio.com\/wp-content\/uploads\/2022\/07\/11.png\"><\/p>\n<figure><img decoding=\"async\" src=\"http:\/\/aleydaosorio.com\/wp-content\/uploads\/2022\/07\/11-300x300.png\" alt=\"11\" \/><\/figure>\n<p><\/a><a data-elementor-open-lightbox=\"yes\" data-elementor-lightbox-slideshow=\"37eb8cee\" data-elementor-lightbox-title=\"12\" e-action-hash=\"#elementor-action%3Aaction%3Dlightbox%26settings%3DeyJpZCI6MzI1LCJ1cmwiOiJodHRwOlwvXC9tYW51YWxpZGFkZXMubWFyaWFjYW1pbGFtdXJndWVpdGlvLmNvbVwvd3AtY29udGVudFwvdXBsb2Fkc1wvMjAyMlwvMDdcLzEyLnBuZyIsInNsaWRlc2hvdyI6IjM3ZWI4Y2VlIn0%3D\" href=\"http:\/\/aleydaosorio.com\/wp-content\/uploads\/2022\/07\/12.png\"><\/p>\n<figure><img decoding=\"async\" src=\"http:\/\/aleydaosorio.com\/wp-content\/uploads\/2022\/07\/12-300x300.png\" alt=\"12\" \/><\/figure>\n<p><\/a><a data-elementor-open-lightbox=\"yes\" data-elementor-lightbox-slideshow=\"37eb8cee\" data-elementor-lightbox-title=\"13\" e-action-hash=\"#elementor-action%3Aaction%3Dlightbox%26settings%3DeyJpZCI6MzI2LCJ1cmwiOiJodHRwOlwvXC9tYW51YWxpZGFkZXMubWFyaWFjYW1pbGFtdXJndWVpdGlvLmNvbVwvd3AtY29udGVudFwvdXBsb2Fkc1wvMjAyMlwvMDdcLzEzLnBuZyIsInNsaWRlc2hvdyI6IjM3ZWI4Y2VlIn0%3D\" href=\"http:\/\/aleydaosorio.com\/wp-content\/uploads\/2022\/07\/13.png\"><\/p>\n<figure><img decoding=\"async\" src=\"http:\/\/aleydaosorio.com\/wp-content\/uploads\/2022\/07\/13-300x300.png\" alt=\"13\" \/><\/figure>\n<p><\/a><a data-elementor-open-lightbox=\"yes\" data-elementor-lightbox-slideshow=\"37eb8cee\" data-elementor-lightbox-title=\"14\" e-action-hash=\"#elementor-action%3Aaction%3Dlightbox%26settings%3DeyJpZCI6MzI3LCJ1cmwiOiJodHRwOlwvXC9tYW51YWxpZGFkZXMubWFyaWFjYW1pbGFtdXJndWVpdGlvLmNvbVwvd3AtY29udGVudFwvdXBsb2Fkc1wvMjAyMlwvMDdcLzE0LnBuZyIsInNsaWRlc2hvdyI6IjM3ZWI4Y2VlIn0%3D\" href=\"http:\/\/aleydaosorio.com\/wp-content\/uploads\/2022\/07\/14.png\"><\/p>\n<figure><img decoding=\"async\" src=\"http:\/\/aleydaosorio.com\/wp-content\/uploads\/2022\/07\/14-300x300.png\" alt=\"14\" \/><\/figure>\n<p><\/a><a data-elementor-open-lightbox=\"yes\" data-elementor-lightbox-slideshow=\"37eb8cee\" data-elementor-lightbox-title=\"15\" e-action-hash=\"#elementor-action%3Aaction%3Dlightbox%26settings%3DeyJpZCI6MzI4LCJ1cmwiOiJodHRwOlwvXC9tYW51YWxpZGFkZXMubWFyaWFjYW1pbGFtdXJndWVpdGlvLmNvbVwvd3AtY29udGVudFwvdXBsb2Fkc1wvMjAyMlwvMDdcLzE1LnBuZyIsInNsaWRlc2hvdyI6IjM3ZWI4Y2VlIn0%3D\" href=\"http:\/\/aleydaosorio.com\/wp-content\/uploads\/2022\/07\/15.png\"><\/p>\n<figure><img decoding=\"async\" src=\"http:\/\/aleydaosorio.com\/wp-content\/uploads\/2022\/07\/15-300x300.png\" alt=\"15\" \/><\/figure>\n<p><\/a><a data-elementor-open-lightbox=\"yes\" data-elementor-lightbox-slideshow=\"37eb8cee\" data-elementor-lightbox-title=\"TALLER-BISUTELAR-NUEVO-2\" e-action-hash=\"#elementor-action%3Aaction%3Dlightbox%26settings%3DeyJpZCI6MzI5LCJ1cmwiOiJodHRwOlwvXC9tYW51YWxpZGFkZXMubWFyaWFjYW1pbGFtdXJndWVpdGlvLmNvbVwvd3AtY29udGVudFwvdXBsb2Fkc1wvMjAyMlwvMDdcL1RBTExFUi1CSVNVVEVMQVItTlVFVk8tMi5wbmciLCJzbGlkZXNob3ciOiIzN2ViOGNlZSJ9\" href=\"http:\/\/aleydaosorio.com\/wp-content\/uploads\/2022\/07\/TALLER-BISUTELAR-NUEVO-2.png\"><\/p>\n<figure><img decoding=\"async\" src=\"http:\/\/aleydaosorio.com\/wp-content\/uploads\/2022\/07\/TALLER-BISUTELAR-NUEVO-2-300x300.png\" alt=\"TALLER-BISUTELAR-NUEVO-2\" \/><\/figure>\n<p><\/a><br \/>\n\t\t\t\t\t\t\t\t\t\t\t\tAnterior<br \/>\n\t\t\t\t\t\t\t\t\t\t\t\tSiguiente<br \/>\n\t\t\t<a href=\"https:\/\/api.whatsapp.com\/send?phone=573127672685&#038;text=Hola!%20quisiera%20m%C3%A1s%20informaci%C3%B3n%20sobre%20los%20talleres\" role=\"button\"><br \/>\n\t\t\t\t\t\t\u00a1Inscr\u00edbete aqu\u00ed!<br \/>\n\t\t\t\t\t<\/a><\/p>\n<style>\/*! elementor - v3.6.5 - 27-04-2022 *\/\n.elementor-widget-image{text-align:center}.elementor-widget-image a{display:inline-block}.elementor-widget-image a img[src$=\".svg\"]{width:48px}.elementor-widget-image img{vertical-align:middle;display:inline-block}<\/style>\n<p>\t\t\t\t\t\t\t\t\t\t\t\t\t<a href=\"#\"><br \/>\n\t\t\t\t\t\t\t<img decoding=\"async\" src=\"http:\/\/aleydaosorio.com\/wp-content\/uploads\/elementor\/thumbs\/4-prsyc1ek6lwndp3e9apqva8can2qv9bxsbtq2dw7dk.jpeg\" title=\"4\" alt=\"4\" \/>\t\t\t\t\t\t\t\t<\/a><br \/>\n\t\t\t\t\t\t\t\t\t\t\t\t\t\t\t\t<a href=\"#\"><br \/>\n\t\t\t\t\t\t\t<img decoding=\"async\" src=\"http:\/\/aleydaosorio.com\/wp-content\/uploads\/elementor\/thumbs\/5-prsyetzbpqggfesfk20m23t6j70e14eqdli8qkxiec.jpeg\" title=\"5\" alt=\"5\" \/>\t\t\t\t\t\t\t\t<\/a><br \/>\n\t\t\t\t\t\t\t\t\t\t\t\t\t\t\t\t<a href=\"#\"><br \/>\n\t\t\t\t\t\t\t<img decoding=\"async\" src=\"http:\/\/aleydaosorio.com\/wp-content\/uploads\/elementor\/thumbs\/10-scaled-prsyf1hwcznbmu96hcubzsf9hxn2h6lwvt31t009eo.jpeg\" title=\"10\" alt=\"10\" \/>\t\t\t\t\t\t\t\t<\/a><br \/>\n\t\t\t\t\t\t\t\t\t\t\t\t\t\t\t\t<a href=\"#\"><br \/>\n\t\t\t\t\t\t\t<img decoding=\"async\" src=\"http:\/\/aleydaosorio.com\/wp-content\/uploads\/elementor\/thumbs\/12-scaled-prsyf9yg2hywjbww3yhz48aeuehdegjhwyyf4hnpuo.jpeg\" title=\"12\" alt=\"12\" \/>\t\t\t\t\t\t\t\t<\/a><br \/>\n\t\t\t\t\t\t\t\t\t\t\t\t\t\t\t\t<a href=\"#\"><br \/>\n\t\t\t\t\t\t\t<img decoding=\"async\" src=\"http:\/\/aleydaosorio.com\/wp-content\/uploads\/elementor\/thumbs\/13-prsyfenn0o5c5dq2cij3yp3ptbu7gy25lm7uivgqzk.jpeg\" title=\"13\" alt=\"13\" \/>\t\t\t\t\t\t\t\t<\/a><br \/>\n\t\t\t\t\t\t\t\t\t\t\t\t\t\t\t\t<a href=\"#\"><br \/>\n\t\t\t\t\t\t\t<img decoding=\"async\" src=\"http:\/\/aleydaosorio.com\/wp-content\/uploads\/elementor\/thumbs\/2-1-prsyes3ignageqmu08s2ausnk2xec7kliik708e74w.jpeg\" title=\"2 (1)\" alt=\"2 (1)\" \/>\t\t\t\t\t\t\t\t<\/a><br \/>\n\t\t\t\t\t\t\t\t\t\t\t\t\t\t\t\t<a href=\"#\"><br \/>\n\t\t\t\t\t\t\t<img decoding=\"async\" src=\"http:\/\/aleydaosorio.com\/wp-content\/uploads\/elementor\/thumbs\/WhatsApp-Image-2022-07-06-at-10.59.56-AM-prsykhyaws7oesk5h06nl6c7ft31ffwhhn2lv3h7j8.jpeg\" title=\"WhatsApp Image 2022-07-06 at 10.59.56 AM\" alt=\"WhatsApp Image 2022-07-06 at 10.59.56 AM\" \/>\t\t\t\t\t\t\t\t<\/a><\/p>\n<h1>Talleres Corporativos<\/h1>\n<p>Una forma diferente de dispersi\u00f3n. Nuestros talleres son un espacio ideal para que tus colaboradores aprendan nuevas habilidades.\u00a0<\/p>\n<figure><img decoding=\"async\" src=\"http:\/\/aleydaosorio.com\/wp-content\/uploads\/elementor\/thumbs\/WhatsApp-Image-2022-07-06-at-10.59.56-AM-3-prsykh0ea8ntxqonlj32mkrv4rao9qliq9ydxcwtio.jpeg\" alt=\"WhatsApp Image 2022-07-06 at 10.59.56 AM (3)\" \/><\/figure>\n<figure><img decoding=\"async\" src=\"http:\/\/aleydaosorio.com\/wp-content\/uploads\/elementor\/thumbs\/WhatsApp-Image-2022-07-06-at-10.59.56-AM-2-prsykg2k3emjm4q0r0og230ejdfb21hse5awg2y7ow.jpeg\" alt=\"WhatsApp Image 2022-07-06 at 10.59.56 AM (2)\" \/><\/figure>\n<figure><img decoding=\"async\" src=\"http:\/\/aleydaosorio.com\/wp-content\/uploads\/elementor\/thumbs\/WhatsApp-Image-2022-07-06-at-10.59.56-AM-1-prsykf4pwkl9airdwi9thl8xxzjxuce220neyszlv4.jpeg\" alt=\"WhatsApp Image 2022-07-06 at 10.59.56 AM (1)\" \/><\/figure>\n<p>\t\t\t\t\t\t\t\t\t\t\t\tAnterior<br \/>\n\t\t\t\t\t\t\t\t\t\t\t\tSiguiente<br \/>\n\t\t[instagram-feed feed=2]<\/p>\n","protected":false},"excerpt":{"rendered":"<p>\u00a1Conoce nuestros talleres! TALLERES DE MANUALIDADES Desarrolla tu creatividad con nuestros talleres de ense\u00f1anza continua dirigidos a a todos los amantes del arte. Tambi\u00e9n son ideales para empresas. Anterior Siguiente \u00a1Inscr\u00edbete aqu\u00ed! Talleres Corporativos Una forma diferente de dispersi\u00f3n. Nuestros talleres son un espacio ideal para que tus colaboradores aprendan nuevas habilidades.\u00a0 Anterior Siguiente [instagram-feed [&hellip;]<\/p>\n","protected":false},"author":1,"featured_media":0,"parent":0,"menu_order":0,"comment_status":"closed","ping_status":"closed","template":"","meta":{"footnotes":""},"_links":{"self":[{"href":"https:\/\/aleydaosorio.com\/index.php\/wp-json\/wp\/v2\/pages\/53"}],"collection":[{"href":"https:\/\/aleydaosorio.com\/index.php\/wp-json\/wp\/v2\/pages"}],"about":[{"href":"https:\/\/aleydaosorio.com\/index.php\/wp-json\/wp\/v2\/types\/page"}],"author":[{"embeddable":true,"href":"https:\/\/aleydaosorio.com\/index.php\/wp-json\/wp\/v2\/users\/1"}],"replies":[{"embeddable":true,"href":"https:\/\/aleydaosorio.com\/index.php\/wp-json\/wp\/v2\/comments?post=53"}],"version-history":[{"count":19,"href":"https:\/\/aleydaosorio.com\/index.php\/wp-json\/wp\/v2\/pages\/53\/revisions"}],"predecessor-version":[{"id":345,"href":"https:\/\/aleydaosorio.com\/index.php\/wp-json\/wp\/v2\/pages\/53\/revisions\/345"}],"wp:attachment":[{"href":"https:\/\/aleydaosorio.com\/index.php\/wp-json\/wp\/v2\/media?parent=53"}],"curies":[{"name":"wp","href":"https:\/\/api.w.org\/{rel}","templated":true}]}}